{"id":439,"date":"2024-10-07T10:33:30","date_gmt":"2024-10-07T10:33:30","guid":{"rendered":"https:\/\/deyasli.com.tr\/esatis\/?post_type=product&#038;p=439"},"modified":"2024-10-07T10:33:30","modified_gmt":"2024-10-07T10:33:30","slug":"ply-arden-423-grass","status":"publish","type":"product","link":"https:\/\/deyasli.com.tr\/esatis\/urun\/ply-arden-423-grass\/","title":{"rendered":"PLY ARDEN 423 &#8211; Grass"},"content":{"rendered":"<p>Klasik deri deseninden esinlenilerek tasarlanm\u0131\u015f olan ARDEN, zengin renk yelpazesi ile oturma gruplar\u0131, baza ba\u015fl\u0131klar\u0131, masa&#038;sandalye gruplar\u0131 ve ofis mobilyalar\u0131 gibi ya\u015fam alanlar\u0131na uygun olarak tasarlanm\u0131\u015ft\u0131r.<\/p>\n<p>TEKN\u0130K \u00d6ZELL\u0130KLER<\/p>\n<p>  \u0130\u00e7erik: V\u0130N\u0130L \/ POL\u0130\u00dcRETAN Y\u00dcZEY<br \/>\n  Zemin: 100% Polyester<br \/>\n  A\u011f\u0131rl\u0131k: 500\u00b135 g\/m\u00b2 (ISO 2286-2)<br \/>\n  A\u015f\u0131nma Direnci: >75.000 rubs (ISO 5470-2 )<br \/>\n  Y\u0131rt\u0131lma Direnci: En >20N ; Boy >30N (ISO 4674-1)<br \/>\n  Kopma Direnci: En >300N ; Boy >300N (ISO 1421)<br \/>\n  Kopma An\u0131ndaki Uzama: En 105\u00b120% ; Boy 90\u00b120% (ISO 1421)<br \/>\n  S\u00fcrt\u00fcnme Renk Hasl\u0131\u011f\u0131: Kuru >=4GS ; Islak >=4GS (ISO 105-X12)<br \/>\n  UV Direnci: A\u00e7\u0131k Renkler  >=4BW ; Koyu Renkler >=5BW (ISO 105-B02)<\/p>\n<p>  *\u00dcr\u00fcnlerde st\u00fcdyo \u0131\u015f\u0131klar\u0131ndan ve \u00fcr\u00fcn\u00fc g\u00f6r\u00fcnt\u00fcledi\u011finiz cihazlardan kaynakl\u0131 ton farkl\u0131l\u0131klar\u0131 ya\u015fanabilir.<br \/>\n\u00dcr\u00fcn Tipi\t:\tDeri<br \/>\nMekan\t:\tEv, Ofis Mobilyalar\u0131, Otel, Sosyal Alanlar, Otomotiv \/ Toplu Ta\u015f\u0131ma<br \/>\nRenk\t:\tYe\u015fil<\/p>\n","protected":false},"excerpt":{"rendered":"<p>PLY ARDEN 423 &#8211; Grass<\/p>\n","protected":false},"featured_media":440,"comment_status":"open","ping_status":"closed","template":"","meta":[],"product_cat":[54,61,16,60,62,63,53],"product_tag":[65],"class_list":{"0":"post-439","1":"product","2":"type-product","3":"status-publish","4":"has-post-thumbnail","6":"product_cat-deri","7":"product_cat-ev","8":"product_cat-genel","9":"product_cat-mekan","10":"product_cat-ofis","11":"product_cat-otomobil","12":"product_cat-urun-tipi","13":"product_tag-deri","15":"first","16":"instock","17":"sale","18":"shipping-taxable","19":"purchasable","20":"product-type-simple"},"_links":{"self":[{"href":"https:\/\/deyasli.com.tr\/esatis\/wp-json\/wp\/v2\/product\/439"}],"collection":[{"href":"https:\/\/deyasli.com.tr\/esatis\/wp-json\/wp\/v2\/product"}],"about":[{"href":"https:\/\/deyasli.com.tr\/esatis\/wp-json\/wp\/v2\/types\/product"}],"replies":[{"embeddable":true,"href":"https:\/\/deyasli.com.tr\/esatis\/wp-json\/wp\/v2\/comments?post=439"}],"wp:featuredmedia":[{"embeddable":true,"href":"https:\/\/deyasli.com.tr\/esatis\/wp-json\/wp\/v2\/media\/440"}],"wp:attachment":[{"href":"https:\/\/deyasli.com.tr\/esatis\/wp-json\/wp\/v2\/media?parent=439"}],"wp:term":[{"taxonomy":"product_cat","embeddable":true,"href":"https:\/\/deyasli.com.tr\/esatis\/wp-json\/wp\/v2\/product_cat?post=439"},{"taxonomy":"product_tag","embeddable":true,"href":"https:\/\/deyasli.com.tr\/esatis\/wp-json\/wp\/v2\/product_tag?post=439"}],"curies":[{"name":"wp","href":"https:\/\/api.w.org\/{rel}","templated":true}]}}