{"id":476,"date":"2024-10-07T11:23:41","date_gmt":"2024-10-07T11:23:41","guid":{"rendered":"https:\/\/deyasli.com.tr\/esatis\/?post_type=product&#038;p=476"},"modified":"2024-10-07T11:23:41","modified_gmt":"2024-10-07T11:23:41","slug":"malcolm-019-gray-violet","status":"publish","type":"product","link":"https:\/\/deyasli.com.tr\/esatis\/urun\/malcolm-019-gray-violet\/","title":{"rendered":"MALCOLM 019 &#8211; Gray Violet"},"content":{"rendered":"<p>Kendine has y\u00fczey tu\u015fesi ve hissiyat\u0131 ile benzersiz bir kadife kalitesine sahip MALCOLM, 36 farkl\u0131 renk se\u00e7ene\u011fi ile \u00f6zel olarak tasarlanm\u0131\u015ft\u0131r. Kolay temizlenebilir ve esnek yap\u0131s\u0131 ile  oturma gruplar\u0131, baza ba\u015fl\u0131klar\u0131, masa&#038;sandalye gruplar\u0131, ofis mobilyalar, otel konseptleri, restoran ve kafe oturma gruplar\u0131 gibi t\u00fcm  ya\u015fam  alanlar\u0131nda kullan\u0131ma uygun ve farkl\u0131 tarzlardaki tasar\u0131mlar\u0131n\u0131za hitap etmektedir.<\/p>\n<p>TEKN\u0130K \u00d6ZELL\u0130KLER<\/p>\n<p>Kuma\u015f \u0130\u00e7eri\u011fi: 100% Polyester<br \/>\nA\u011f\u0131rl\u0131k: 300\u00b110 g\/m\u00b2 (ISO 2286-2)<br \/>\nA\u015f\u0131nma Direnci:  >5.000 rubs (12kPa) (ISO 12947 )<br \/>\nY\u0131rt\u0131lma Direnci: En >20N ; Boy >20N (ISO 13937-2)<br \/>\nKopma Direnci: En >300N ; Boy >500N (ISO 1421)<br \/>\nKopma An\u0131ndaki Uzama: En 100\u00b120% ; Boy 50\u00b120% (ISO 1421)<br \/>\nS\u00fcrt\u00fcnme Renk Hasl\u0131\u011f\u0131: Kuru >=4GS ; Islak >=3,5GS (ISO 105-X12)<\/p>\n<p>*\u00dcr\u00fcnlerde st\u00fcdyo \u0131\u015f\u0131klar\u0131ndan ve \u00fcr\u00fcn\u00fc g\u00f6r\u00fcnt\u00fcledi\u011finiz cihazlardan kaynakl\u0131 ton farkl\u0131l\u0131klar\u0131 ya\u015fanabilir.<br \/>\n\u00dcr\u00fcn Tipi\t:\tKuma\u015f<br \/>\nMekan\t:\tEv, Ofis Mobilyalar\u0131, Otel, Sosyal Alanlar, Otomotiv \/ Toplu Ta\u015f\u0131ma<br \/>\nRenk\t:\tGri<\/p>\n","protected":false},"excerpt":{"rendered":"<p>MALCOLM 019 &#8211; Gray Violet<\/p>\n","protected":false},"featured_media":477,"comment_status":"open","ping_status":"closed","template":"","meta":[],"product_cat":[61,16,55,60,62,63,53],"product_tag":[66],"class_list":{"0":"post-476","1":"product","2":"type-product","3":"status-publish","4":"has-post-thumbnail","6":"product_cat-ev","7":"product_cat-genel","8":"product_cat-kumas","9":"product_cat-mekan","10":"product_cat-ofis","11":"product_cat-otomobil","12":"product_cat-urun-tipi","13":"product_tag-kumas","15":"first","16":"instock","17":"sale","18":"shipping-taxable","19":"purchasable","20":"product-type-simple"},"_links":{"self":[{"href":"https:\/\/deyasli.com.tr\/esatis\/wp-json\/wp\/v2\/product\/476"}],"collection":[{"href":"https:\/\/deyasli.com.tr\/esatis\/wp-json\/wp\/v2\/product"}],"about":[{"href":"https:\/\/deyasli.com.tr\/esatis\/wp-json\/wp\/v2\/types\/product"}],"replies":[{"embeddable":true,"href":"https:\/\/deyasli.com.tr\/esatis\/wp-json\/wp\/v2\/comments?post=476"}],"wp:featuredmedia":[{"embeddable":true,"href":"https:\/\/deyasli.com.tr\/esatis\/wp-json\/wp\/v2\/media\/477"}],"wp:attachment":[{"href":"https:\/\/deyasli.com.tr\/esatis\/wp-json\/wp\/v2\/media?parent=476"}],"wp:term":[{"taxonomy":"product_cat","embeddable":true,"href":"https:\/\/deyasli.com.tr\/esatis\/wp-json\/wp\/v2\/product_cat?post=476"},{"taxonomy":"product_tag","embeddable":true,"href":"https:\/\/deyasli.com.tr\/esatis\/wp-json\/wp\/v2\/product_tag?post=476"}],"curies":[{"name":"wp","href":"https:\/\/api.w.org\/{rel}","templated":true}]}}